{"id":16922,"date":"2021-11-03T09:27:11","date_gmt":"2021-11-03T07:27:11","guid":{"rendered":"https:\/\/thom.eu\/?page_id=16922"},"modified":"2025-07-02T14:32:16","modified_gmt":"2025-07-02T12:32:16","slug":"accueil","status":"publish","type":"page","link":"https:\/\/thom.eu\/be-fr\/","title":{"rendered":"Accueil"},"content":{"rendered":"\n<section class=\"hero\">\n  <div class=\"hero__container\">\n              <div class=\"hero__media\">\n        <img decoding=\"async\" class=\"hero__media-image\" src=\"https:\/\/thom.eu\/wp-content\/uploads\/2022\/12\/The-house-of-marketing-Homepage.webp\" alt=\"\" title=\"\">\n      <\/div>\n    \n    <div class=\"hero__content\">\n      <div class=\"hero__content-header\">\n        \n                  \n\n<h1 class=\"heading heading_as-h1\">\n  Votre partenaire marketing, \u00e0 chaque \u00e9tape de votre transformation.\n<\/h1>\n        \n                  \n\n\n<div class=\"text text_default-500   text_lg-600 hero__content-header-description\" >\n  <div><span lang=\"FR-BE\">De la strat\u00e9gie \u00e0 l&#8217;ex\u00e9cution, en passant par le recrutement, nous connectons vos besoins \u00e0 des solutions concr\u00e8tes.<\/span><\/div>\n\n<\/div>\n              <\/div>\n\n              <div class=\"hero__content-buttons\">\n                      \n\n\n<a class=\"button button_variant-primary button_scheme-light\" href=\"https:\/\/thom.eu\/be-fr\/contact\/\" target=\"\">\n  \n      <span class=\"button__label\">Parlons de vos besoins<\/span>\n  \n  <\/a>\n                  <\/div>\n          <\/div>\n  <\/div>\n<\/section>\n\n\n\n<div style=\"height:30px\" aria-hidden=\"true\" class=\"wp-block-spacer\"><\/div>\n\n\n\n<section class=\"wwd wwd_scheme-denim\" id=\"block_fcd59a724e695057bf24d8736b8feb75\">\n  <div class=\"wwd__container\">\n    <div class=\"wwd__header\">\n              \n\n<h2 class=\"heading heading_as-h2\">\n  Notre offre &#8211; Trois leviers pour faire avancer vos projets ?\n<\/h2>\n      \n          <\/div>\n\n          <div class=\"wwd__card wwd__card_4\">\n        <div class=\"wwd__card-header\">\n          \n                      \n\n<h3 class=\"heading heading_as-h4\">\n  Consultance\n<\/h3>\n                  <\/div>\n\n                  \n\n\n<div class=\"text text_default-500\" >\n  Votre entreprise \u00e9volue et vous avez besoin d\u2019un coup de main pour avancer en marketing&nbsp;?<br \/>\r\n<br \/>\r\nNous accompagnons vos projets strat\u00e9giques et op\u00e9rationnels en marketing : transformation digitale, am\u00e9lioration de l\u2019exp\u00e9rience client, strat\u00e9gie de marque ou lancement de nouveaux produits.<br \/>\r\n\n<\/div>\n        \n                  \n\n\n<a class=\"button button_variant-tertiary button_scheme-dark\" href=\"https:\/\/thom.eu\/be-fr\/notre-expertise\/consultance\/\" target=\"\">\n  \n      <span class=\"button__label\">En savoir plus<\/span>\n  \n  <\/a>\n              <\/div>\n          <div class=\"wwd__card wwd__card_4\">\n        <div class=\"wwd__card-header\">\n          \n                      \n\n<h3 class=\"heading heading_as-h4\">\n  Int\u00e9rim\n<\/h3>\n                  <\/div>\n\n                  \n\n\n<div class=\"text text_default-500\" >\n  Un membre cl\u00e9 de votre \u00e9quipe marketing est temporairement absent&nbsp;?<br \/>\r\n<br \/>\r\nNous pla\u00e7ons rapidement un expert en marketing qui s\u2019int\u00e8gre \u00e0 votre \u00e9quipe pour assurer la continuit\u00e9 de vos projets, jusqu\u2019\u00e0 ce que vous n\u2019en ayez plus besoin.<br \/>\r\n\n<\/div>\n        \n                  \n\n\n<a class=\"button button_variant-tertiary button_scheme-dark\" href=\"https:\/\/thom.eu\/be-fr\/services\/interim\/\" target=\"\">\n  \n      <span class=\"button__label\">En savoir plus<\/span>\n  \n  <\/a>\n              <\/div>\n          <div class=\"wwd__card wwd__card_4\">\n        <div class=\"wwd__card-header\">\n          \n                      \n\n<h3 class=\"heading heading_as-h4\">\n  Talent Search\n<\/h3>\n                  <\/div>\n\n                  \n\n\n<div class=\"text text_default-500\" >\n  Vous cherchez des talents en marketing qui feront la diff\u00e9rence dans votre entreprise&nbsp;?<br \/>\r\n<br \/>\r\nNous trouvons et connectons les meilleurs profils marketing \u00e0 vos besoins. Gr\u00e2ce \u00e0 notre approche cibl\u00e9e, nous vous aidons \u00e0 renforcer votre \u00e9quipe avec des profils qualifi\u00e9s et imm\u00e9diatement op\u00e9rationnels.<br \/>\r\n\n<\/div>\n        \n                  \n\n\n<a class=\"button button_variant-tertiary button_scheme-dark\" href=\"https:\/\/thom.eu\/be-fr\/notre-expertise\/talent-search\/\" target=\"\">\n  \n      <span class=\"button__label\">En savoir plus<\/span>\n  \n  <\/a>\n              <\/div>\n      <\/div>\n<\/section>\n\n\n\n<section class=\"ib ib_scheme-white\" id=\"block_4155b8cc6eda721a5900be6a04c5760e\">\n  <div class=\"ib__container\">\n          \n\n<h3 class=\"heading heading_as-h3\">\n  Pourquoi choisir The House of Marketing&nbsp;?\n<\/h3>\n    \n          <ul class=\"ib__list\">\n                  <li class=\"ib__list-item\">\n            \n\n\n<div class=\"text text_default-600\" >\n  <p>Une expertise locale &amp; internationale.<\/p>\n\n<\/div>\n          <\/li>\n                  <li class=\"ib__list-item\">\n            \n\n\n<div class=\"text text_default-600\" >\n  <p>Un vrai partenaire, pas juste une agence.<\/p>\n\n<\/div>\n          <\/li>\n                  <li class=\"ib__list-item\">\n            \n\n\n<div class=\"text text_default-600\" >\n  <p>Des r\u00e9sultats concrets, pas des promesses.<\/p>\n\n<\/div>\n          <\/li>\n              <\/ul>\n    \n      <\/div>\n<\/section>\n\n\n\n<section class=\"quote\">\n  <div class=\"quote__container\">\n          <div class=\"quote__media\">\n        <img decoding=\"async\" src=\"https:\/\/thom.eu\/wp-content\/uploads\/2025\/07\/Logo_Edenred_Digital-use-1.webp\" alt=\"\" class=\"quote__media-logo\" title=\"\">\n      <\/div>\n    \n    <div class=\"quote__content\">\n              \n\n<h3 class=\"heading heading_as-h3\">\n  Ce que disent nos clients&nbsp;:\n<\/h3>\n      \n              \n\n\n<div class=\"text text_default-500\" >\n  <p style=\"text-align: left;\"><span class=\"OYPEnA font-feature-liga-off font-feature-clig-off font-feature-calt-off text-decoration-none text-strikethrough-none\">\u201c3 mots pour d\u00e9crire The House of Marketing? <\/span><\/p>\n<p style=\"text-align: left;\"><strong><span class=\"OYPEnA font-feature-liga-off font-feature-clig-off font-feature-calt-off text-decoration-none text-strikethrough-none\">Expertise<\/span><\/strong><span class=\"OYPEnA font-feature-liga-off font-feature-clig-off font-feature-calt-off text-decoration-none text-strikethrough-none\">, <\/span><span class=\"OYPEnA font-feature-liga-off font-feature-clig-off font-feature-calt-off text-decoration-none text-strikethrough-none\"><strong>\u00c9nergisant<\/strong> <\/span><span class=\"OYPEnA font-feature-liga-off font-feature-clig-off font-feature-calt-off text-decoration-none text-strikethrough-none\">et <\/span><span class=\"OYPEnA font-feature-liga-off font-feature-clig-off font-feature-calt-off text-decoration-none text-strikethrough-none\"><strong>Entrepreneur<\/strong>.&#8221; <\/span><\/p>\n\n<\/div>\n      \n      <div class=\"quote__content-author\">\n                  \n\n\n<p class=\"text text_default-500 quote__content-author-name\" >\n  Pauline Martin\n<\/p>\n        \n                  \n\n\n<p class=\"text text_default-500\" >\n  CMO Edenred\n<\/p>\n              <\/div>\n\n              <div class=\"quote__content-buttons\">\n                      \n\n\n<a class=\"button button_variant-primary button_scheme-light\" href=\"https:\/\/thom.eu\/be-fr\/resources\/cas-client\/capsules-client-comment-edenred-a-accelere-sa-transformation-marketing\/\" target=\"\">\n  \n      <span class=\"button__label\">D\u00e9couvrez leurs exp\u00e9riences<\/span>\n  \n  <\/a>\n                  <\/div>\n          <\/div>\n  <\/div>\n<\/section>\n\n\n\n<section class=\"cc\">\n         <div class=\"cc__background\">          \n        <img decoding=\"async\" class=\"cc__background-image\" style=\"object-position: 51.67% 13%;\" src=\"https:\/\/thom.eu\/wp-content\/uploads\/2023\/11\/20211011_THOM_MathiasHannes_117-scaled.webp\" alt=\"\" title=\"\">\n      <\/div>\n          \n  <div class=\"cc__container\">\n    <div class=\"cc__content\">\n      <div class=\"cc__content-header\">\n                  \n\n<h3 class=\"heading heading_as-h3\">\n  Votre succ\u00e8s commence ici \n<\/h3>\n        \n              <\/div>\n\n              <div class=\"cc__content-buttons\">\n                      \n\n\n<a class=\"button button_variant-primary button_scheme-light\" href=\"https:\/\/thom.eu\/be-fr\/contact\/\" target=\"_blank\">\n  \n      <span class=\"button__label\">Contactez-nous d\u00e8s aujourd\u2019hui  <\/span>\n  \n  <\/a>\n                  <\/div>\n          <\/div>\n  <\/div>\n<\/section>\n\n\n\n<p><\/p>\n","protected":false},"excerpt":{"rendered":"","protected":false},"author":2,"featured_media":16953,"parent":0,"menu_order":0,"comment_status":"closed","ping_status":"closed","template":"","meta":{"_acf_changed":false,"footnotes":""},"acf":[],"_links":{"self":[{"href":"https:\/\/thom.eu\/be-fr\/wp-json\/wp\/v2\/pages\/16922"}],"collection":[{"href":"https:\/\/thom.eu\/be-fr\/wp-json\/wp\/v2\/pages"}],"about":[{"href":"https:\/\/thom.eu\/be-fr\/wp-json\/wp\/v2\/types\/page"}],"author":[{"embeddable":true,"href":"https:\/\/thom.eu\/be-fr\/wp-json\/wp\/v2\/users\/2"}],"replies":[{"embeddable":true,"href":"https:\/\/thom.eu\/be-fr\/wp-json\/wp\/v2\/comments?post=16922"}],"version-history":[{"count":36,"href":"https:\/\/thom.eu\/be-fr\/wp-json\/wp\/v2\/pages\/16922\/revisions"}],"predecessor-version":[{"id":20083,"href":"https:\/\/thom.eu\/be-fr\/wp-json\/wp\/v2\/pages\/16922\/revisions\/20083"}],"wp:featuredmedia":[{"embeddable":true,"href":"https:\/\/thom.eu\/be-fr\/wp-json\/wp\/v2\/media\/16953"}],"wp:attachment":[{"href":"https:\/\/thom.eu\/be-fr\/wp-json\/wp\/v2\/media?parent=16922"}],"curies":[{"name":"wp","href":"https:\/\/api.w.org\/{rel}","templated":true}]}}