{"id":17577,"date":"2022-04-01T14:50:07","date_gmt":"2022-04-01T12:50:07","guid":{"rendered":"https:\/\/thom.eu\/?page_id=17577"},"modified":"2025-03-10T12:18:19","modified_gmt":"2025-03-10T10:18:19","slug":"merci-contact-form","status":"publish","type":"page","link":"https:\/\/thom.eu\/be-fr\/merci-contact-form\/","title":{"rendered":"Merci &#8211; Contact Form"},"content":{"rendered":"\n<section class=\"btl btl_scheme-gray\" id=\"block_ac4316ab299ca12d1422e8a29a190988\">\n  <div class=\"btl__container\">\n    <svg class=\"btl__logo\"\n      viewBox=\"0 0 82 81\"\n      fill=\"none\"\n      xmlns=\"http:\/\/www.w3.org\/2000\/svg\">\n      <path d=\"M75.5414 41.6161C74.9066 43.3266 74.6118 45.411 76.7204 46.2267C79.203 47.1782 80.1666 45.479 81.2662 43.1794C81.4589 42.7602 81.629 42.3524 81.8217 41.9446L77.3892 37.3906C76.539 39.2485 75.8702 40.7325 75.5414 41.6274V41.6161Z\"\n        fill=\"currentColor\" \/>\n      <path d=\"M62.1997 76.0337C62.7212 78.3333 62.6645 81.5619 66.2808 80.7575C69.4436 80.0552 68.276 77.2005 67.9132 75.1727C65.5213 62.066 64.9205 49.1178 70.9173 36.6794C71.5522 35.354 72.2097 34.0399 72.8558 32.7258L68.4234 28.1719C60.3746 43.2384 58.4021 59.1773 62.1997 76.045V76.0337Z\"\n        fill=\"currentColor\" \/>\n      <path d=\"M30.7871 51.9607C32.3402 35.3874 37.2148 19.9357 46.1364 5.22035L41.9874 0.960938C41.5906 1.45938 40.9558 2.45626 40.5136 3.22658C26.3773 27.5823 21.4914 53.4786 26.3546 80.9609H32.2042C30.481 71.3659 29.8689 61.7256 30.7871 51.972V51.9607Z\"\n        fill=\"currentColor\" \/>\n      <path d=\"M55.943 77.5518C52.4514 61.2051 53.9025 45.2889 60.5455 28.6364C61.1124 27.379 62.0419 25.136 63.1869 22.7684L59.0718 18.543C59.0718 18.543 58.5163 19.5285 58.267 19.993C55.6709 24.9434 53.6191 30.6189 51.896 36.1244C47.2708 50.8851 47.1234 65.861 50.6603 80.8936C50.6603 80.9162 50.6603 80.9389 50.6716 80.9616H56.6685C56.5778 80.4744 56.4645 79.976 56.3625 79.5115C56.2151 78.8545 56.079 78.2088 55.943 77.5518Z\"\n        fill=\"currentColor\" \/>\n      <path d=\"M39.3565 64.7714C37.4293 64.9527 36.7264 66.482 36.8398 68.1246C37.1232 72.452 37.6333 76.734 38.4495 80.9595H44.4578C43.5735 76.5414 42.9614 72.0668 42.3946 67.5808C42.1792 65.8363 41.2836 64.5902 39.3678 64.7714H39.3565Z\"\n        fill=\"currentColor\" \/>\n      <path d=\"M78.7514 58.8036C78.74 57.5915 78.7287 56.3793 78.7287 55.1559C78.7287 53.6379 78.5133 52.2559 76.9036 51.7348C74.4209 51.1117 73.1626 52.5051 73.0492 54.7934C72.8792 58.0899 72.8452 61.4091 73.1626 64.7056C73.4573 67.8208 74.0695 71.208 74.829 74.4932C75.1464 75.8639 76.144 76.9174 77.6517 76.9287C78.8647 76.9287 80.0324 76.0791 80.3271 75.2069C80.5198 74.6178 80.4405 73.8361 80.3044 73.2018C79.4656 69.5767 79.0234 65.4986 78.7854 58.7922L78.7514 58.8036Z\"\n        fill=\"currentColor\" \/>\n      <path d=\"M24.031 24.1498C26.1282 17.4548 28.8603 11.0657 32.1138 4.92578L20.1087 17.7607C12.7174 37.8456 10.7109 58.9162 14.2251 80.9496H20.052C16.8892 61.7482 18.1815 42.8301 24.0197 24.1498H24.031Z\"\n        fill=\"currentColor\" \/>\n      <path d=\"M47.5784 15.6751C43.7694 23.0384 40.822 30.719 38.7588 38.7167H38.7361C38.4867 39.6569 37.7159 43.112 37.6365 43.7011C36.809 48.2211 36.4689 52.4465 36.3555 55.2219C36.2648 57.4762 35.9474 60.0817 39.0082 60.2517C41.5929 60.3989 41.8423 58.088 42.0123 55.9922C42.5111 49.6371 43.7127 43.0554 45.6059 36.0885C47.0343 31.6819 48.7687 27.2638 50.7866 22.6306C52.0109 20.0251 53.4166 17.1477 54.8223 14.1684L50.5372 9.76172C49.5849 11.7442 48.5647 13.7039 47.5557 15.6524L47.5784 15.6751Z\"\n        fill=\"currentColor\" \/>\n      <path d=\"M2.25502 80.2357C2.30037 80.4962 2.35705 80.9493 2.35705 80.9493H8.18389C8.18389 80.9493 8.01385 79.7939 7.92316 79.2048C5.45185 63.6058 5.57655 48.0748 9.03411 32.6231C9.31752 31.3657 9.86166 28.7148 9.86166 28.7148L2.06231 36.8938C-0.635726 51.5526 -0.340982 65.4297 2.24369 80.2243L2.25502 80.2357Z\"\n        fill=\"currentColor\" \/>\n    <\/svg>\n\n          \n\n<p class=\"heading heading_as-h4 btl__description\">\n  Merci. Votre demande a bien \u00e9t\u00e9 re\u00e7ue. Nous vous contacterons rapidement ! \n<\/p>\n      <\/div>\n<\/section>\n\n\n\n<p><\/p>\n","protected":false},"excerpt":{"rendered":"","protected":false},"author":3,"featured_media":0,"parent":0,"menu_order":0,"comment_status":"closed","ping_status":"closed","template":"","meta":{"_acf_changed":false,"footnotes":""},"acf":[],"_links":{"self":[{"href":"https:\/\/thom.eu\/be-fr\/wp-json\/wp\/v2\/pages\/17577"}],"collection":[{"href":"https:\/\/thom.eu\/be-fr\/wp-json\/wp\/v2\/pages"}],"about":[{"href":"https:\/\/thom.eu\/be-fr\/wp-json\/wp\/v2\/types\/page"}],"author":[{"embeddable":true,"href":"https:\/\/thom.eu\/be-fr\/wp-json\/wp\/v2\/users\/3"}],"replies":[{"embeddable":true,"href":"https:\/\/thom.eu\/be-fr\/wp-json\/wp\/v2\/comments?post=17577"}],"version-history":[{"count":1,"href":"https:\/\/thom.eu\/be-fr\/wp-json\/wp\/v2\/pages\/17577\/revisions"}],"predecessor-version":[{"id":17583,"href":"https:\/\/thom.eu\/be-fr\/wp-json\/wp\/v2\/pages\/17577\/revisions\/17583"}],"wp:attachment":[{"href":"https:\/\/thom.eu\/be-fr\/wp-json\/wp\/v2\/media?parent=17577"}],"curies":[{"name":"wp","href":"https:\/\/api.w.org\/{rel}","templated":true}]}}